{"id":370,"date":"2014-07-01T15:30:51","date_gmt":"2014-07-01T14:30:51","guid":{"rendered":"http:\/\/fo-chu-nantes.fr\/?page_id=370"},"modified":"2014-08-07T10:36:59","modified_gmt":"2014-08-07T09:36:59","slug":"la-securite-sociale","status":"publish","type":"page","link":"https:\/\/fo-chu-nantes.fr\/?page_id=370","title":{"rendered":"La S\u00e9curit\u00e9 Sociale"},"content":{"rendered":"<h3>S\u00e9curit\u00e9 Sociale : une conqu\u00eate ouvri\u00e8re \u00e0 d\u00e9fendre et pr\u00e9server !<\/h3>\n<p><iframe src=\"\/\/docs.google.com\/viewer?url=http%3A%2F%2Ffo-chu-nantes.fr%2Fwp-content%2Fuploads%2F140222secu.pdf&#038;hl=fr&#038;embedded=true\" class=\"gde-frame\" style=\"width:600px; height:300px; border: none;\" scrolling=\"no\"><\/iframe><\/p>\n<p class=\"gde-text\"><a href=\"http:\/\/fo-chu-nantes.fr\/wp-content\/uploads\/140222secu.pdf\" class=\"gde-link\">T\u00e9l\u00e9charger (140222secu.pdf)<\/a><\/p>\n<hr \/>\n<h3>Ou vive la S\u00e9curit\u00e9 sociale!<\/h3>\n<p><iframe loading=\"lazy\" src=\"\/\/www.youtube.com\/embed\/_9UvE1DR1kg\" width=\"640\" height=\"360\" frameborder=\"0\" allowfullscreen=\"allowfullscreen\"><\/iframe><\/p>\n<hr \/>\n<hr \/>\n<p style=\"text-align: justify;\">Dans toute l\u2019histoire de l\u2019humanit\u00e9 confondue, la cr\u00e9ation de la S\u00e9curit\u00e9 sociale est ce qu\u2019il y a de plus beau. La S\u00e9curit\u00e9 sociale est infiniment plus majestueuse qu\u2019une cath\u00e9drale. J\u2019aime cette conception horizontale de la soci\u00e9t\u00e9. Cette id\u00e9e qu\u2019une partie de ce que je gagne sert \u00e0 remettre sur pied cet homme ou cette femme malade, que je ne connais pas et que je ne conna\u00eetrai jamais, que je n\u2019en n\u2019attends, en retour, aucune reconnaissance, est l\u2019expression de la nature profonde de ce que nous pourrions appeler la civilisation!<\/p>\n<div class=\"simplePullQuote right\">\n<p>Daniel Pennac \u2013 \u00c9crivain<\/p>\n<\/div>\n","protected":false},"excerpt":{"rendered":"<p>S\u00e9curit\u00e9 Sociale : une conqu\u00eate ouvri\u00e8re \u00e0 d\u00e9fendre et pr\u00e9server ! Ou vive la S\u00e9curit\u00e9 sociale! Dans toute l\u2019histoire de l\u2019humanit\u00e9 confondue, la cr\u00e9ation de la S\u00e9curit\u00e9 sociale est ce qu\u2019il y a de plus beau. La S\u00e9curit\u00e9 sociale est infiniment plus majestueuse qu\u2019une cath\u00e9drale. J\u2019aime cette conception horizontale de la soci\u00e9t\u00e9. Cette id\u00e9e qu\u2019une [&hellip;]<\/p>\n","protected":false},"author":1,"featured_media":0,"parent":37,"menu_order":0,"comment_status":"closed","ping_status":"closed","template":"","meta":{"footnotes":""},"_links":{"self":[{"href":"https:\/\/fo-chu-nantes.fr\/index.php?rest_route=\/wp\/v2\/pages\/370"}],"collection":[{"href":"https:\/\/fo-chu-nantes.fr\/index.php?rest_route=\/wp\/v2\/pages"}],"about":[{"href":"https:\/\/fo-chu-nantes.fr\/index.php?rest_route=\/wp\/v2\/types\/page"}],"author":[{"embeddable":true,"href":"https:\/\/fo-chu-nantes.fr\/index.php?rest_route=\/wp\/v2\/users\/1"}],"replies":[{"embeddable":true,"href":"https:\/\/fo-chu-nantes.fr\/index.php?rest_route=%2Fwp%2Fv2%2Fcomments&post=370"}],"version-history":[{"count":8,"href":"https:\/\/fo-chu-nantes.fr\/index.php?rest_route=\/wp\/v2\/pages\/370\/revisions"}],"predecessor-version":[{"id":398,"href":"https:\/\/fo-chu-nantes.fr\/index.php?rest_route=\/wp\/v2\/pages\/370\/revisions\/398"}],"up":[{"embeddable":true,"href":"https:\/\/fo-chu-nantes.fr\/index.php?rest_route=\/wp\/v2\/pages\/37"}],"wp:attachment":[{"href":"https:\/\/fo-chu-nantes.fr\/index.php?rest_route=%2Fwp%2Fv2%2Fmedia&parent=370"}],"curies":[{"name":"wp","href":"https:\/\/api.w.org\/{rel}","templated":true}]}}