{"id":174,"date":"2014-06-25T09:17:27","date_gmt":"2014-06-25T08:17:27","guid":{"rendered":"http:\/\/fo-chu-nantes.fr\/?page_id=174"},"modified":"2018-06-06T09:16:09","modified_gmt":"2018-06-06T08:16:09","slug":"les-elus-force-ouvriere-au-cte-et-en-capl","status":"publish","type":"page","link":"https:\/\/fo-chu-nantes.fr\/?page_id=174","title":{"rendered":"Les \u00e9lus FORCE OUVRIERE au CTE, en CHS-CT et en CAPL"},"content":{"rendered":"<p><span style=\"text-decoration: underline;\"><strong>Les \u00e9lus FORCE OUVRIERE au Comit\u00e9 Technique d&#8217;Etablissement:<\/strong><\/span><\/p>\n<table>\n<tbody>\n<tr>\n<td>Titulaires:<\/td>\n<td>\u00a0Sylvie MOISAN: Infirmi\u00e8re en soins g\u00e9n\u00e9raux 2\u00e8me grade<\/td>\n<\/tr>\n<tr>\n<td><\/td>\n<td>\u00a0Tony GILBERT: Aide soignant<\/td>\n<\/tr>\n<tr>\n<td><\/td>\n<td>\u00a0St\u00e9phane NAULLEAU: IBODE 2\u00e8me grade<\/td>\n<\/tr>\n<tr>\n<td><\/td>\n<td>\u00a0Didier BEUREL: Adjoint administratif principal 1\u00e8re classe<\/td>\n<\/tr>\n<tr>\n<td>Suppl\u00e9ants:<\/td>\n<td>\u00a0Claire PARIS: Infirmi\u00e8re en soins g\u00e9n\u00e9raux 2\u00e8me grade<\/td>\n<\/tr>\n<tr>\n<td><\/td>\n<td>\u00a0Catherine COTTREL: Aide soignante principale<\/td>\n<\/tr>\n<tr>\n<td><\/td>\n<td>\u00a0Marie Edwige RAOUL: Infirmi\u00e8re classe sup\u00e9rieure<\/td>\n<\/tr>\n<tr>\n<td><\/td>\n<td>\u00a0Jean S\u00e9bastien RAULT: Infirmi\u00e8re en soins g\u00e9n\u00e9raux\u00a01er grade<\/td>\n<\/tr>\n<\/tbody>\n<\/table>\n<p>&nbsp;<\/p>\n<hr \/>\n<p>&nbsp;<\/p>\n<p><span style=\"text-decoration: underline;\"><strong>Les membres FORCE OUVRIERE en Commission Hygi\u00e8ne et S\u00e9curit\u00e9 &#8211; Conditions de Travail:<\/strong><\/span><\/p>\n<p>&nbsp;<\/p>\n<table>\n<tbody>\n<tr>\n<td>Titulaires:<\/td>\n<td>\u00a0Sylvie MOISAN: Infirmi\u00e8re en soins g\u00e9n\u00e9raux 2\u00e8me grade<\/td>\n<\/tr>\n<tr>\n<td><\/td>\n<td>\u00a0V\u00e9ronique CADIC: Infirmi\u00e8re classe sup\u00e9rieure<\/td>\n<\/tr>\n<tr>\n<td>Suppl\u00e9ants:<\/td>\n<td>\u00a0Tony GILBERT: Aide soignant<\/td>\n<\/tr>\n<tr>\n<td><\/td>\n<td>\u00a0Christelle PATRY: Ouvrier principal 2\u00e8me classe<\/td>\n<\/tr>\n<\/tbody>\n<\/table>\n<p><a href=\"http:\/\/fo-chu-nantes.fr\/wp-content\/uploads\/93014640.png\"><img loading=\"lazy\" decoding=\"async\" class=\"aligncenter wp-image-537 size-full\" src=\"http:\/\/fo-chu-nantes.fr\/wp-content\/uploads\/93014640.png\" alt=\"93014640\" width=\"800\" height=\"240\" srcset=\"https:\/\/fo-chu-nantes.fr\/wp-content\/uploads\/93014640.png 800w, https:\/\/fo-chu-nantes.fr\/wp-content\/uploads\/93014640-300x90.png 300w\" sizes=\"(max-width: 800px) 100vw, 800px\" \/><\/a><\/p>\n<p>&nbsp;<\/p>\n<hr \/>\n<p>&nbsp;<\/p>\n<p><span style=\"text-decoration: underline;\"><strong>Les \u00e9lus FORCE OUVRIERE en Commission Administratives Paritaires Locales:<\/strong><\/span><\/p>\n<ul>\n<li>CAPL 1<br \/>\n<table>\n<tbody>\n<tr>\n<td>Titulaire:<\/td>\n<td>\u00a0Guillaume CATOIRE: Ing\u00e9nieur hospitalier principal<\/td>\n<\/tr>\n<tr>\n<td>Suppl\u00e9ant:<\/td>\n<td>\u00a0Cyrille FONTAINE: Ing\u00e9nieur hospitalier<\/td>\n<\/tr>\n<\/tbody>\n<\/table>\n<\/li>\n<\/ul>\n<ul>\n<li>CAPL 2<br \/>\n<table>\n<tbody>\n<tr>\n<td>Titulaires:<\/td>\n<td>\u00a0Sylvie MOISAN:\u00a0Infirmi\u00e8re en soins g\u00e9n\u00e9raux 2\u00e8me grade<\/td>\n<\/tr>\n<tr>\n<td><\/td>\n<td>\u00a0V\u00e9ronique HEULIN: Infirmi\u00e8re en soins g\u00e9n\u00e9raux 2\u00e8me grade<\/td>\n<\/tr>\n<tr>\n<td>Suppl\u00e9ants:<\/td>\n<td>\u00a0Philippe DESTEVE: IADE 4\u00e8me grade<\/td>\n<\/tr>\n<tr>\n<td><\/td>\n<td>\u00a0Anne-France BARRETEAU: Cadre de sant\u00e9 pu\u00e9ricultrice<\/td>\n<\/tr>\n<\/tbody>\n<\/table>\n<\/li>\n<\/ul>\n<ul>\n<li>CAPL 4<br \/>\n<table>\n<tbody>\n<tr>\n<td>Titulaire:<\/td>\n<td>\u00a0Thierry FORLOT: Technicien hospitalier<\/td>\n<\/tr>\n<tr>\n<td>Suppl\u00e9ant:<\/td>\n<td>\u00a0V\u00e9ronique BERTHEBAUD: Technicien Sup\u00e9rieur Hospitalier<\/td>\n<\/tr>\n<\/tbody>\n<\/table>\n<\/li>\n<li>CAPL 5<br \/>\n<table>\n<tbody>\n<tr>\n<td>Titulaire:<\/td>\n<td>\u00a0Fran\u00e7oise LANDAIS: Pr\u00e9paratrice en pharmacie classe normale<\/td>\n<\/tr>\n<tr>\n<td>Suppl\u00e9ante:<\/td>\n<td>\u00a0V\u00e9ronique CADIC: Infirmi\u00e8re classe sup\u00e9rieure<\/td>\n<\/tr>\n<\/tbody>\n<\/table>\n<\/li>\n<li>CAPL 6<br \/>\n<table>\n<tbody>\n<tr>\n<td>Titulaire:<\/td>\n<td>\u00a0Ad\u00e9la BARON-FAVREAU: Adjoint des cadres 2\u00e8me grade<\/td>\n<\/tr>\n<tr>\n<td>Suppl\u00e9ante:<\/td>\n<td>\u00a0Christine GODEAU: AMA 3\u00e8me grade<\/td>\n<\/tr>\n<\/tbody>\n<\/table>\n<\/li>\n<\/ul>\n<ul>\n<li>CAPL 8<br \/>\n<table>\n<tbody>\n<tr>\n<td>Titulaires:<\/td>\n<td>\u00a0Tony GILBERT: Aide soignant<\/td>\n<\/tr>\n<tr>\n<td><\/td>\n<td>\u00a0Catherine COTTREL: Aide soignante principale<\/td>\n<\/tr>\n<tr>\n<td>Suppl\u00e9ants:<\/td>\n<td>\u00a0Xavier RIVET: Aide soignant principal<\/td>\n<\/tr>\n<tr>\n<td><\/td>\n<td>\u00a0Lucie MORISSET: ASHQ<\/td>\n<\/tr>\n<\/tbody>\n<\/table>\n<\/li>\n<li>CAPL 9<br \/>\n<table>\n<tbody>\n<tr>\n<td>Titulaire:<\/td>\n<td>\u00a0Didier BEUREL: Adjoint administratif principal 1\u00e8re classe<\/td>\n<\/tr>\n<tr>\n<td>Suppl\u00e9ante:<\/td>\n<td>\u00a0Isabelle ROUCH: Adjoint administratif 2\u00e8me classe<\/td>\n<\/tr>\n<\/tbody>\n<\/table>\n<\/li>\n<\/ul>\n<p>&nbsp;<\/p>\n<p><a href=\"http:\/\/fo-chu-nantes.fr\/wp-content\/uploads\/Servicepublicr\u00e9publique.jpg\"><img loading=\"lazy\" decoding=\"async\" class=\"aligncenter size-full wp-image-178\" src=\"http:\/\/fo-chu-nantes.fr\/wp-content\/uploads\/Servicepublicr\u00e9publique.jpg\" alt=\"Servicepublicr\u00e9publique\" width=\"400\" height=\"200\" srcset=\"https:\/\/fo-chu-nantes.fr\/wp-content\/uploads\/Servicepublicr\u00e9publique.jpg 400w, https:\/\/fo-chu-nantes.fr\/wp-content\/uploads\/Servicepublicr\u00e9publique-300x150.jpg 300w\" sizes=\"(max-width: 400px) 100vw, 400px\" \/><\/a><\/p>\n<p>&nbsp;<\/p>\n","protected":false},"excerpt":{"rendered":"<p>Les \u00e9lus FORCE OUVRIERE au Comit\u00e9 Technique d&#8217;Etablissement: Titulaires: \u00a0Sylvie MOISAN: Infirmi\u00e8re en soins g\u00e9n\u00e9raux 2\u00e8me grade \u00a0Tony GILBERT: Aide soignant \u00a0St\u00e9phane NAULLEAU: IBODE 2\u00e8me grade \u00a0Didier BEUREL: Adjoint administratif principal 1\u00e8re classe Suppl\u00e9ants: \u00a0Claire PARIS: Infirmi\u00e8re en soins g\u00e9n\u00e9raux 2\u00e8me grade \u00a0Catherine COTTREL: Aide soignante principale \u00a0Marie Edwige RAOUL: Infirmi\u00e8re classe sup\u00e9rieure \u00a0Jean S\u00e9bastien [&hellip;]<\/p>\n","protected":false},"author":1,"featured_media":0,"parent":37,"menu_order":0,"comment_status":"closed","ping_status":"closed","template":"","meta":{"footnotes":""},"_links":{"self":[{"href":"https:\/\/fo-chu-nantes.fr\/index.php?rest_route=\/wp\/v2\/pages\/174"}],"collection":[{"href":"https:\/\/fo-chu-nantes.fr\/index.php?rest_route=\/wp\/v2\/pages"}],"about":[{"href":"https:\/\/fo-chu-nantes.fr\/index.php?rest_route=\/wp\/v2\/types\/page"}],"author":[{"embeddable":true,"href":"https:\/\/fo-chu-nantes.fr\/index.php?rest_route=\/wp\/v2\/users\/1"}],"replies":[{"embeddable":true,"href":"https:\/\/fo-chu-nantes.fr\/index.php?rest_route=%2Fwp%2Fv2%2Fcomments&post=174"}],"version-history":[{"count":29,"href":"https:\/\/fo-chu-nantes.fr\/index.php?rest_route=\/wp\/v2\/pages\/174\/revisions"}],"predecessor-version":[{"id":2003,"href":"https:\/\/fo-chu-nantes.fr\/index.php?rest_route=\/wp\/v2\/pages\/174\/revisions\/2003"}],"up":[{"embeddable":true,"href":"https:\/\/fo-chu-nantes.fr\/index.php?rest_route=\/wp\/v2\/pages\/37"}],"wp:attachment":[{"href":"https:\/\/fo-chu-nantes.fr\/index.php?rest_route=%2Fwp%2Fv2%2Fmedia&parent=174"}],"curies":[{"name":"wp","href":"https:\/\/api.w.org\/{rel}","templated":true}]}}